{"id":7856,"date":"2021-05-10T11:13:18","date_gmt":"2021-05-10T09:13:18","guid":{"rendered":"https:\/\/kwiatyimiut.pl\/?post_type=product&#038;p=7856"},"modified":"2026-04-20T19:30:09","modified_gmt":"2026-04-20T17:30:09","slug":"kenzan-6-cm-2","status":"publish","type":"product","link":"https:\/\/kwiatyimiut.pl\/en\/product\/kenzan-6-cm-2\/","title":{"rendered":"Kenzan 6 cm"},"content":{"rendered":"","protected":false},"excerpt":{"rendered":"<p>We adore the Japanese art of flower arrangement \u2013 Ikebana, where kenzan originates from. We use it in almost every composition we create.<br \/>\nz kt\u00f3rej si\u0119 wywodz\u0105, kenzany wykorzystujemy przy prawie ka\u017cdej kompozycji.<br \/>\nJest to podstawowe narz\u0119dzie pracy przy uk\u0142adaniu kwiat\u00f3w w zr\u00f3wnowa\u017conym podej\u015bciu do florystyki. Dzi\u0119ki kenzanom nie u\u017cywamy g\u0105bki florystycznej<br \/>\nand what\u2019s most important \u2013 we are eco-friendly!<\/p>\n<p>\u015brednica: 6 cm<\/p>","protected":false},"featured_media":11758,"template":"","meta":[],"product_brand":[],"product_cat":[430,355,576,257,459],"product_tag":[],"class_list":{"0":"post-7856","1":"product","2":"type-product","3":"status-publish","4":"has-post-thumbnail","6":"product_cat-dekoracja-stolu","7":"product_cat-kenzany","8":"product_cat-na-prezent-swieta-z-kwiatymiut","9":"product_cat-narzedzia","10":"product_cat-szkola-kwiatymiut","12":"first","13":"instock","14":"shipping-taxable","15":"purchasable","16":"product-type-simple"},"_links":{"self":[{"href":"https:\/\/kwiatyimiut.pl\/en\/wp-json\/wp\/v2\/product\/7856","targetHints":{"allow":["GET"]}}],"collection":[{"href":"https:\/\/kwiatyimiut.pl\/en\/wp-json\/wp\/v2\/product"}],"about":[{"href":"https:\/\/kwiatyimiut.pl\/en\/wp-json\/wp\/v2\/types\/product"}],"wp:featuredmedia":[{"embeddable":true,"href":"https:\/\/kwiatyimiut.pl\/en\/wp-json\/wp\/v2\/media\/11758"}],"wp:attachment":[{"href":"https:\/\/kwiatyimiut.pl\/en\/wp-json\/wp\/v2\/media?parent=7856"}],"wp:term":[{"taxonomy":"product_brand","embeddable":true,"href":"https:\/\/kwiatyimiut.pl\/en\/wp-json\/wp\/v2\/product_brand?post=7856"},{"taxonomy":"product_cat","embeddable":true,"href":"https:\/\/kwiatyimiut.pl\/en\/wp-json\/wp\/v2\/product_cat?post=7856"},{"taxonomy":"product_tag","embeddable":true,"href":"https:\/\/kwiatyimiut.pl\/en\/wp-json\/wp\/v2\/product_tag?post=7856"}],"curies":[{"name":"wp","href":"https:\/\/api.w.org\/{rel}","templated":true}]}}