{"id":7877,"date":"2021-05-12T16:11:28","date_gmt":"2021-05-12T14:11:28","guid":{"rendered":"https:\/\/kwiatyimiut.pl\/?post_type=product&#038;p=7877"},"modified":"2026-04-21T04:57:08","modified_gmt":"2026-04-21T02:57:08","slug":"kenzan-sun-and-moon","status":"publish","type":"product","link":"https:\/\/kwiatyimiut.pl\/en\/product\/kenzan-sun-and-moon\/","title":{"rendered":"Kenzan Sun and Moon"},"content":{"rendered":"","protected":false},"excerpt":{"rendered":"<p>We adore the Japanese art of flower arrangement \u2013 Ikebana, where kenzan originates from. We use it in almost every composition we create.<br \/>\nz kt\u00f3rej si\u0119 wywodz\u0105, kenzany wykorzystujemy przy prawie ka\u017cdej kompozycji.<br \/>\nIt is a basic tool used to arrange flowers in sustainable floristry. Thanks to kenzan we do not have to use floral foam,<br \/>\nand what\u2019s most important \u2013 we are eco-friendly!<\/p>\n<p>dimensions:\u00a010,8 cm x 6,7 cm<\/p>","protected":false},"featured_media":11756,"template":"","meta":[],"product_brand":[],"product_cat":[355,576,257,459],"product_tag":[],"class_list":{"0":"post-7877","1":"product","2":"type-product","3":"status-publish","4":"has-post-thumbnail","6":"product_cat-kenzany","7":"product_cat-na-prezent-swieta-z-kwiatymiut","8":"product_cat-narzedzia","9":"product_cat-szkola-kwiatymiut","11":"first","12":"instock","13":"shipping-taxable","14":"purchasable","15":"product-type-simple"},"_links":{"self":[{"href":"https:\/\/kwiatyimiut.pl\/en\/wp-json\/wp\/v2\/product\/7877","targetHints":{"allow":["GET"]}}],"collection":[{"href":"https:\/\/kwiatyimiut.pl\/en\/wp-json\/wp\/v2\/product"}],"about":[{"href":"https:\/\/kwiatyimiut.pl\/en\/wp-json\/wp\/v2\/types\/product"}],"wp:featuredmedia":[{"embeddable":true,"href":"https:\/\/kwiatyimiut.pl\/en\/wp-json\/wp\/v2\/media\/11756"}],"wp:attachment":[{"href":"https:\/\/kwiatyimiut.pl\/en\/wp-json\/wp\/v2\/media?parent=7877"}],"wp:term":[{"taxonomy":"product_brand","embeddable":true,"href":"https:\/\/kwiatyimiut.pl\/en\/wp-json\/wp\/v2\/product_brand?post=7877"},{"taxonomy":"product_cat","embeddable":true,"href":"https:\/\/kwiatyimiut.pl\/en\/wp-json\/wp\/v2\/product_cat?post=7877"},{"taxonomy":"product_tag","embeddable":true,"href":"https:\/\/kwiatyimiut.pl\/en\/wp-json\/wp\/v2\/product_tag?post=7877"}],"curies":[{"name":"wp","href":"https:\/\/api.w.org\/{rel}","templated":true}]}}