{"id":8937,"date":"2021-08-23T14:55:22","date_gmt":"2021-08-23T12:55:22","guid":{"rendered":"https:\/\/kwiatyimiut.pl\/?post_type=product&#038;p=8937"},"modified":"2026-04-21T10:03:04","modified_gmt":"2026-04-21T08:03:04","slug":"donice-ceramiczne","status":"publish","type":"product","link":"https:\/\/kwiatyimiut.pl\/en\/product\/donice-ceramiczne\/","title":{"rendered":"Donice ceramiczne"},"content":{"rendered":"","protected":false},"excerpt":{"rendered":"<p>Donice ceramiczne w trzech wymiarach.<br \/>\nZdj\u0119cie pogl\u0105dowe, ka\u017cda z donic lekko r\u00f3\u017cni si\u0119 odcieniem i faktur\u0105.<\/p>\n<p>wymiary donic:<br \/>\nXS &#8211; wysoko\u015b\u0107: 12 cm, \u015brednica: 12 cm<br \/>\nS &#8211; wysoko\u015b\u0107: 15 cm, \u015brednica: 17 cm<br \/>\nM &#8211; wysoko\u015b\u0107: 21,5 cm, \u015brednica: 21 cm<br \/>\nL &#8211; wysoko\u015b\u0107: 26 cm, \u015brednica: 24 cm<\/p>","protected":false},"featured_media":13065,"template":"","meta":[],"product_brand":[],"product_cat":[189,375,325,327,185],"product_tag":[329],"class_list":{"0":"post-8937","1":"product","2":"type-product","3":"status-publish","4":"has-post-thumbnail","6":"product_cat-ceramika","7":"product_cat-donice","8":"product_cat-przesadzanie-roslin","9":"product_cat-przesadzanie-roslin-rosliny","10":"product_cat-rosliny","11":"product_tag-donice","13":"first","14":"instock","15":"shipping-taxable","16":"purchasable","17":"product-type-variable"},"_links":{"self":[{"href":"https:\/\/kwiatyimiut.pl\/en\/wp-json\/wp\/v2\/product\/8937","targetHints":{"allow":["GET"]}}],"collection":[{"href":"https:\/\/kwiatyimiut.pl\/en\/wp-json\/wp\/v2\/product"}],"about":[{"href":"https:\/\/kwiatyimiut.pl\/en\/wp-json\/wp\/v2\/types\/product"}],"wp:featuredmedia":[{"embeddable":true,"href":"https:\/\/kwiatyimiut.pl\/en\/wp-json\/wp\/v2\/media\/13065"}],"wp:attachment":[{"href":"https:\/\/kwiatyimiut.pl\/en\/wp-json\/wp\/v2\/media?parent=8937"}],"wp:term":[{"taxonomy":"product_brand","embeddable":true,"href":"https:\/\/kwiatyimiut.pl\/en\/wp-json\/wp\/v2\/product_brand?post=8937"},{"taxonomy":"product_cat","embeddable":true,"href":"https:\/\/kwiatyimiut.pl\/en\/wp-json\/wp\/v2\/product_cat?post=8937"},{"taxonomy":"product_tag","embeddable":true,"href":"https:\/\/kwiatyimiut.pl\/en\/wp-json\/wp\/v2\/product_tag?post=8937"}],"curies":[{"name":"wp","href":"https:\/\/api.w.org\/{rel}","templated":true}]}}