{"id":9879,"date":"2021-11-17T19:25:59","date_gmt":"2021-11-17T18:25:59","guid":{"rendered":"https:\/\/kwiatyimiut.pl\/?post_type=product&#038;p=9879"},"modified":"2026-05-11T14:42:07","modified_gmt":"2026-05-11T12:42:07","slug":"elementarz-kwiatowy","status":"publish","type":"product","link":"https:\/\/kwiatyimiut.pl\/en\/product\/elementarz-kwiatowy\/","title":{"rendered":"The Flower Book \u2013 Polish Edition"},"content":{"rendered":"<div class=\"wpb-content-wrapper\"><div class=\"vc_row wpb_row vc_row-fluid\"><div class=\"wpb_column vc_column_container vc_col-sm-12\"><div class=\"vc_column-inner\"><div class=\"wpb_wrapper\">\n\t<div class=\"wpb_text_column wpb_content_element\" >\n\t\t<div class=\"wpb_wrapper\">\n\t\t\t<h3 class=\"mbr-section-subtitle mbr-light pb-3 mbr-fonts-style display-5\" style=\"text-align: center;\">Dzielimy si\u0119 naszym do\u015bwiadczeniem i\u00a0z\u00a0kwiaciarni, i\u00a0z\u00a0ogrodu.<\/h3>\n<p class=\"mbr-text pb-3 mbr-fonts-style display-7\" style=\"text-align: center;\">W\u00a0ksi\u0105\u017cce znajdziecie porady, jak piel\u0119gnowa\u0107 kwiaty ci\u0119te i\u00a0przed\u0142u\u017ca\u0107 ich \u017cywotno\u015b\u0107, gatunki, kt\u00f3re\u00a0warto uprawia\u0107 w\u00a0swoim ogrodzie i\u00a0na\u00a0tarasie, a\u00a0dodatkowo zapraszamy na\u00a0lekcj\u0119 biologii dla pocz\u0105tkuj\u0105cych \u2013 w\u00a0przyst\u0119pny spos\u00f3b opisujemy anatomi\u0119 ro\u015blin i\u00a0t\u0142umaczymy morfologi\u0119 kwiat\u00f3w.<\/p>\n\n\t\t<\/div>\n\t<\/div>\n<div class=\"wpb_images_carousel wpb_content_element vc_clearfix wpb_content_element\"><div class=\"wpb_wrapper\"><div id=\"vc_images-carousel-1-1778503565\" data-ride=\"vc_carousel\" data-wrap=\"false\" style=\"width: 100%;\" data-interval=\"0\" data-auto-height=\"yes\" data-mode=\"horizontal\" data-partial=\"false\" data-per-view=\"1\" data-hide-on-end=\"true\" class=\"vc_slide vc_images_carousel\"><ol class=\"vc_carousel-indicators\"><li data-target=\"#vc_images-carousel-1-1778503565\" data-slide-to=\"0\"><\/li><li data-target=\"#vc_images-carousel-1-1778503565\" data-slide-to=\"1\"><\/li><li data-target=\"#vc_images-carousel-1-1778503565\" data-slide-to=\"2\"><\/li><li data-target=\"#vc_images-carousel-1-1778503565\" data-slide-to=\"3\"><\/li><li data-target=\"#vc_images-carousel-1-1778503565\" data-slide-to=\"4\"><\/li><li data-target=\"#vc_images-carousel-1-1778503565\" data-slide-to=\"5\"><\/li><\/ol><div class=\"vc_carousel-inner\"><div class=\"vc_carousel-slideline\"><div class=\"vc_carousel-slideline-inner\"><div class=\"vc_item\"><div class=\"vc_inner\"><a class=\"\" href=\"https:\/\/kwiatyimiut.pl\/wp-content\/uploads\/2021\/11\/Elementarz-kwiatowy-1024x736.jpg\" data-lightbox=\"lightbox[rel-9879-345499748]\"><img fetchpriority=\"high\" decoding=\"async\" width=\"1889\" height=\"1358\" src=\"https:\/\/kwiatyimiut.pl\/wp-content\/uploads\/2021\/11\/Elementarz-kwiatowy.jpg\" class=\"attachment-full\" alt=\"\" title=\"Elementarz kwiatowy\" srcset=\"https:\/\/kwiatyimiut.pl\/wp-content\/uploads\/2021\/11\/Elementarz-kwiatowy.jpg 1889w, https:\/\/kwiatyimiut.pl\/wp-content\/uploads\/2021\/11\/Elementarz-kwiatowy-300x216.jpg 300w, https:\/\/kwiatyimiut.pl\/wp-content\/uploads\/2021\/11\/Elementarz-kwiatowy-1024x736.jpg 1024w, https:\/\/kwiatyimiut.pl\/wp-content\/uploads\/2021\/11\/Elementarz-kwiatowy-768x552.jpg 768w, https:\/\/kwiatyimiut.pl\/wp-content\/uploads\/2021\/11\/Elementarz-kwiatowy-1536x1104.jpg 1536w, https:\/\/kwiatyimiut.pl\/wp-content\/uploads\/2021\/11\/Elementarz-kwiatowy-16x12.jpg 16w, https:\/\/kwiatyimiut.pl\/wp-content\/uploads\/2021\/11\/Elementarz-kwiatowy-840x604.jpg 840w\" sizes=\"(max-width: 1889px) 100vw, 1889px\" \/><\/a><\/div><\/div><div class=\"vc_item\"><div class=\"vc_inner\"><a class=\"\" href=\"https:\/\/kwiatyimiut.pl\/wp-content\/uploads\/2021\/11\/Elementarz-kwiatowy-4-1024x736.jpg\" data-lightbox=\"lightbox[rel-9879-345499748]\"><img decoding=\"async\" width=\"1889\" height=\"1358\" src=\"https:\/\/kwiatyimiut.pl\/wp-content\/uploads\/2021\/11\/Elementarz-kwiatowy-4.jpg\" class=\"attachment-full\" alt=\"\" title=\"Elementarz kwiatowy 4\" srcset=\"https:\/\/kwiatyimiut.pl\/wp-content\/uploads\/2021\/11\/Elementarz-kwiatowy-4.jpg 1889w, https:\/\/kwiatyimiut.pl\/wp-content\/uploads\/2021\/11\/Elementarz-kwiatowy-4-300x216.jpg 300w, https:\/\/kwiatyimiut.pl\/wp-content\/uploads\/2021\/11\/Elementarz-kwiatowy-4-1024x736.jpg 1024w, https:\/\/kwiatyimiut.pl\/wp-content\/uploads\/2021\/11\/Elementarz-kwiatowy-4-768x552.jpg 768w, https:\/\/kwiatyimiut.pl\/wp-content\/uploads\/2021\/11\/Elementarz-kwiatowy-4-1536x1104.jpg 1536w, https:\/\/kwiatyimiut.pl\/wp-content\/uploads\/2021\/11\/Elementarz-kwiatowy-4-16x12.jpg 16w, https:\/\/kwiatyimiut.pl\/wp-content\/uploads\/2021\/11\/Elementarz-kwiatowy-4-840x604.jpg 840w\" sizes=\"(max-width: 1889px) 100vw, 1889px\" \/><\/a><\/div><\/div><div class=\"vc_item\"><div class=\"vc_inner\"><a class=\"\" href=\"https:\/\/kwiatyimiut.pl\/wp-content\/uploads\/2021\/11\/Elementarz-kwiatowy-3-1024x736.jpg\" data-lightbox=\"lightbox[rel-9879-345499748]\"><img decoding=\"async\" width=\"1889\" height=\"1358\" src=\"https:\/\/kwiatyimiut.pl\/wp-content\/uploads\/2021\/11\/Elementarz-kwiatowy-3.jpg\" class=\"attachment-full\" alt=\"\" title=\"Elementarz kwiatowy 3\" srcset=\"https:\/\/kwiatyimiut.pl\/wp-content\/uploads\/2021\/11\/Elementarz-kwiatowy-3.jpg 1889w, https:\/\/kwiatyimiut.pl\/wp-content\/uploads\/2021\/11\/Elementarz-kwiatowy-3-300x216.jpg 300w, https:\/\/kwiatyimiut.pl\/wp-content\/uploads\/2021\/11\/Elementarz-kwiatowy-3-1024x736.jpg 1024w, https:\/\/kwiatyimiut.pl\/wp-content\/uploads\/2021\/11\/Elementarz-kwiatowy-3-768x552.jpg 768w, https:\/\/kwiatyimiut.pl\/wp-content\/uploads\/2021\/11\/Elementarz-kwiatowy-3-1536x1104.jpg 1536w, https:\/\/kwiatyimiut.pl\/wp-content\/uploads\/2021\/11\/Elementarz-kwiatowy-3-16x12.jpg 16w, https:\/\/kwiatyimiut.pl\/wp-content\/uploads\/2021\/11\/Elementarz-kwiatowy-3-840x604.jpg 840w\" sizes=\"(max-width: 1889px) 100vw, 1889px\" \/><\/a><\/div><\/div><div class=\"vc_item\"><div class=\"vc_inner\"><a class=\"\" href=\"https:\/\/kwiatyimiut.pl\/wp-content\/uploads\/2021\/11\/Elementarz-kwiatowy-2-1024x736.jpg\" data-lightbox=\"lightbox[rel-9879-345499748]\"><img loading=\"lazy\" decoding=\"async\" width=\"1889\" height=\"1358\" src=\"https:\/\/kwiatyimiut.pl\/wp-content\/uploads\/2021\/11\/Elementarz-kwiatowy-2.jpg\" class=\"attachment-full\" alt=\"\" title=\"Elementarz kwiatowy 2\" srcset=\"https:\/\/kwiatyimiut.pl\/wp-content\/uploads\/2021\/11\/Elementarz-kwiatowy-2.jpg 1889w, https:\/\/kwiatyimiut.pl\/wp-content\/uploads\/2021\/11\/Elementarz-kwiatowy-2-300x216.jpg 300w, https:\/\/kwiatyimiut.pl\/wp-content\/uploads\/2021\/11\/Elementarz-kwiatowy-2-1024x736.jpg 1024w, https:\/\/kwiatyimiut.pl\/wp-content\/uploads\/2021\/11\/Elementarz-kwiatowy-2-768x552.jpg 768w, https:\/\/kwiatyimiut.pl\/wp-content\/uploads\/2021\/11\/Elementarz-kwiatowy-2-1536x1104.jpg 1536w, https:\/\/kwiatyimiut.pl\/wp-content\/uploads\/2021\/11\/Elementarz-kwiatowy-2-16x12.jpg 16w, https:\/\/kwiatyimiut.pl\/wp-content\/uploads\/2021\/11\/Elementarz-kwiatowy-2-840x604.jpg 840w\" sizes=\"(max-width: 1889px) 100vw, 1889px\" \/><\/a><\/div><\/div><div class=\"vc_item\"><div class=\"vc_inner\"><a class=\"\" href=\"https:\/\/kwiatyimiut.pl\/wp-content\/uploads\/2021\/11\/Elementarz-kwiatowy-5-1024x736.jpg\" data-lightbox=\"lightbox[rel-9879-345499748]\"><img loading=\"lazy\" decoding=\"async\" width=\"1889\" height=\"1358\" src=\"https:\/\/kwiatyimiut.pl\/wp-content\/uploads\/2021\/11\/Elementarz-kwiatowy-5.jpg\" class=\"attachment-full\" alt=\"\" title=\"Elementarz kwiatowy 5\" srcset=\"https:\/\/kwiatyimiut.pl\/wp-content\/uploads\/2021\/11\/Elementarz-kwiatowy-5.jpg 1889w, https:\/\/kwiatyimiut.pl\/wp-content\/uploads\/2021\/11\/Elementarz-kwiatowy-5-300x216.jpg 300w, https:\/\/kwiatyimiut.pl\/wp-content\/uploads\/2021\/11\/Elementarz-kwiatowy-5-1024x736.jpg 1024w, https:\/\/kwiatyimiut.pl\/wp-content\/uploads\/2021\/11\/Elementarz-kwiatowy-5-768x552.jpg 768w, https:\/\/kwiatyimiut.pl\/wp-content\/uploads\/2021\/11\/Elementarz-kwiatowy-5-1536x1104.jpg 1536w, https:\/\/kwiatyimiut.pl\/wp-content\/uploads\/2021\/11\/Elementarz-kwiatowy-5-16x12.jpg 16w, https:\/\/kwiatyimiut.pl\/wp-content\/uploads\/2021\/11\/Elementarz-kwiatowy-5-840x604.jpg 840w\" sizes=\"(max-width: 1889px) 100vw, 1889px\" \/><\/a><\/div><\/div><div class=\"vc_item\"><div class=\"vc_inner\"><a class=\"\" href=\"https:\/\/kwiatyimiut.pl\/wp-content\/uploads\/2021\/11\/Elementarz-kwiatowy-6-1024x736.jpg\" data-lightbox=\"lightbox[rel-9879-345499748]\"><img loading=\"lazy\" decoding=\"async\" width=\"1889\" height=\"1358\" src=\"https:\/\/kwiatyimiut.pl\/wp-content\/uploads\/2021\/11\/Elementarz-kwiatowy-6.jpg\" class=\"attachment-full\" alt=\"\" title=\"Elementarz kwiatowy 6\" srcset=\"https:\/\/kwiatyimiut.pl\/wp-content\/uploads\/2021\/11\/Elementarz-kwiatowy-6.jpg 1889w, https:\/\/kwiatyimiut.pl\/wp-content\/uploads\/2021\/11\/Elementarz-kwiatowy-6-300x216.jpg 300w, https:\/\/kwiatyimiut.pl\/wp-content\/uploads\/2021\/11\/Elementarz-kwiatowy-6-1024x736.jpg 1024w, https:\/\/kwiatyimiut.pl\/wp-content\/uploads\/2021\/11\/Elementarz-kwiatowy-6-768x552.jpg 768w, https:\/\/kwiatyimiut.pl\/wp-content\/uploads\/2021\/11\/Elementarz-kwiatowy-6-1536x1104.jpg 1536w, https:\/\/kwiatyimiut.pl\/wp-content\/uploads\/2021\/11\/Elementarz-kwiatowy-6-16x12.jpg 16w, https:\/\/kwiatyimiut.pl\/wp-content\/uploads\/2021\/11\/Elementarz-kwiatowy-6-840x604.jpg 840w\" sizes=\"(max-width: 1889px) 100vw, 1889px\" \/><\/a><\/div><\/div><\/div><\/div><\/div><a class=\"vc_left vc_carousel-control\" href=\"#vc_images-carousel-1-1778503565\" data-slide=\"prev\"><span class=\"icon-prev\"><\/span><\/a><a class=\"vc_right vc_carousel-control\" href=\"#vc_images-carousel-1-1778503565\" data-slide=\"next\"><span class=\"icon-next\"><\/span><\/a><\/div><\/div><\/div>\n\t<div class=\"wpb_text_column wpb_content_element\" >\n\t\t<div class=\"wpb_wrapper\">\n\t\t\t<p style=\"text-align: center;\">Bo o kwiatach my\u015blimy wielowymiarowo \u2013 s\u0105 nie\u00a0tylko pi\u0119kn\u0105 dekoracj\u0105, kt\u00f3r\u0105 wstawiamy do wazonu czy\u00a0wr\u0119czamy bliskim przy wa\u017cnych okazjach.<br \/>\nUcz\u0105 nas wra\u017cliwo\u015bci i\u00a0empatii dla natury, kt\u00f3ra teraz szczeg\u00f3lnie potrzebuje naszego wsparcia.<br \/>\nPraca w ogrodzie uczy pokory wobec \u017cywio\u0142\u00f3w<br \/>\ni\u00a0zmienno\u015bci p\u00f3r roku.<br \/>\nTo tak\u017ce lekcja historii sztuki \u2013 mo\u017cemy patrze\u0107 na\u00a0s\u0142oneczniki oczami Van Gogha, uk\u0142ada\u0107 martwe natury z\u00a0inspiracji malarzy niderlandzkich.<\/p>\n\n\t\t<\/div>\n\t<\/div>\n\n\t<div class=\"wpb_text_column wpb_content_element\" >\n\t\t<div class=\"wpb_wrapper\">\n\t\t\t\n\t\t<\/div>\n\t<\/div>\n<\/div><\/div><\/div><\/div><div class=\"vc_row wpb_row vc_row-fluid\"><div class=\"wpb_column vc_column_container vc_col-sm-12\"><div class=\"vc_column-inner\"><div class=\"wpb_wrapper\">\n\t<div class=\"wpb_text_column wpb_content_element\" >\n\t\t<div class=\"wpb_wrapper\">\n\t\t\t<h3 class=\"mbr-section-subtitle mbr-light pb-3 mbr-fonts-style display-5\" style=\"text-align: center;\"><span style=\"color: #ff6600;\">50% dochodu ze sprzeda\u017cy ksi\u0105\u017cki przeznaczymy na rozw\u00f3j naszej farmy.<\/span><\/h3>\n\n\t\t<\/div>\n\t<\/div>\n<\/div><\/div><\/div><\/div>\n<\/div>","protected":false},"excerpt":{"rendered":"<div class=\"mbr-section-text\">\n<p>The Flower Book presents basic knowledge of flowers that can be successfully grown in our climate. Over 80 floral arrangement inspirations. Over 100 types of plants described. Over 200 portrayed varieties. <strong>80<\/strong>\u00a0inspiracji jak u\u0142o\u017cy\u0107 kwiaty. Ponad\u00a0<strong>100<\/strong>\u00a0rodzaj\u00f3w opisanych ro\u015blin. Ponad\u00a0<strong>200<\/strong>\u00a0sportretowanych odmian.<\/p>\n<p class=\"\">This book is a combination of our passions and skills: sustainable gardening and love for nature, floristry and admiration for flowers, photography and appreciation for our masters, the need to create and floral arrangements ideas.<\/p>\n<p>Number of pages: 360<br \/>\nPaperback<br \/>\n<span style=\"font-size: 1.125rem;\">Dimensions: 160x230<\/span><\/p>\n<ul>\n<li>Najni\u017csza cena z ostatnich 30 dni &#8211; 99 z\u0142<\/li>\n<\/ul>\n<p>&nbsp;<\/p>\n<\/div>","protected":false},"featured_media":11028,"template":"","meta":[],"product_brand":[],"product_cat":[217,517,424,576,161,502,459],"product_tag":[423,422,223],"class_list":{"0":"post-9879","1":"product","2":"type-product","3":"status-publish","4":"has-post-thumbnail","6":"product_cat-dla-florysty","7":"product_cat-ksiazka-na-prezent","8":"product_cat-ksiazka","9":"product_cat-na-prezent-swieta-z-kwiatymiut","10":"product_cat-na-prezent","11":"product_cat-swieta-z-kwiatymiut","12":"product_cat-szkola-kwiatymiut","13":"product_tag-elementarz","14":"product_tag-ksiazka","15":"product_tag-kwiaty","17":"first","18":"instock","19":"taxable","20":"shipping-taxable","21":"purchasable","22":"product-type-simple"},"_links":{"self":[{"href":"https:\/\/kwiatyimiut.pl\/en\/wp-json\/wp\/v2\/product\/9879","targetHints":{"allow":["GET"]}}],"collection":[{"href":"https:\/\/kwiatyimiut.pl\/en\/wp-json\/wp\/v2\/product"}],"about":[{"href":"https:\/\/kwiatyimiut.pl\/en\/wp-json\/wp\/v2\/types\/product"}],"wp:featuredmedia":[{"embeddable":true,"href":"https:\/\/kwiatyimiut.pl\/en\/wp-json\/wp\/v2\/media\/11028"}],"wp:attachment":[{"href":"https:\/\/kwiatyimiut.pl\/en\/wp-json\/wp\/v2\/media?parent=9879"}],"wp:term":[{"taxonomy":"product_brand","embeddable":true,"href":"https:\/\/kwiatyimiut.pl\/en\/wp-json\/wp\/v2\/product_brand?post=9879"},{"taxonomy":"product_cat","embeddable":true,"href":"https:\/\/kwiatyimiut.pl\/en\/wp-json\/wp\/v2\/product_cat?post=9879"},{"taxonomy":"product_tag","embeddable":true,"href":"https:\/\/kwiatyimiut.pl\/en\/wp-json\/wp\/v2\/product_tag?post=9879"}],"curies":[{"name":"wp","href":"https:\/\/api.w.org\/{rel}","templated":true}]}}